{"id":3,"date":"2020-04-30T08:21:04","date_gmt":"2020-04-30T08:21:04","guid":{"rendered":"https:\/\/madridella.net_el\/?page_id=3"},"modified":"2025-06-25T08:14:55","modified_gmt":"2025-06-25T08:14:55","slug":"aviso-legal","status":"publish","type":"page","link":"https:\/\/madridella.net\/index.php\/aviso-legal\/","title":{"rendered":"Aviso Legal"},"content":{"rendered":"<p>Aviso legal:<\/p>\n<p>En cumplimiento con el deber de informaci\u00f3n recogido en art\u00edculo 10 de la Ley 34\/2002, de 11 de julio, de Servicios de la Sociedad de la Informaci\u00f3n y del Comercio Electr\u00f3nico, les proporcionamos a continuaci\u00f3n la informaci\u00f3n relativa al titular de la P\u00e1gina Web:<\/p>\n<p>Identificaci\u00f3n:<\/p>\n<p>Titular:<\/p>\n<p>Madridella SL (en adelante, el \u201cTitular\u201d). NIF: B02966257. Domicilio: Calle padre manjon, 28 &#8211; piso 5, elda, 03600 Elda<\/p>\n<p>Objeto:<\/p>\n<p>El presente Aviso Legal regula el acceso, navegaci\u00f3n y utilizaci\u00f3n del Sitio Web, sin perjuicio de que el Titular se reserve el derecho a modificar la presentaci\u00f3n, configuraci\u00f3n y contenido del Sitio Web, as\u00ed como las condiciones requeridas para su acceso y\/o utilizaci\u00f3n. El acceso y\/o utilizaci\u00f3n del Sitio Web tras la entrada en vigor de sus modificaciones o cambios suponen la aceptaci\u00f3n de los mismos. No obstante, el acceso y la utilizaci\u00f3n de ciertos contenidos y\/o servicios puede encontrarse sometido a determinadas condiciones espec\u00edficas. A los efectos de la interpretaci\u00f3n del presente Aviso Legal, se entiende que una persona pasa a ser usuaria (en adelante, \u201cUsuario\u201d o \u201cUsuarios\u201d) en el momento en que \u00e9sta acepta el presente Aviso Legal y la Pol\u00edtica de Privacidad expuestas en el Sitio Web.<\/p>\n<p>Responsabilidades:<\/p>\n<p>El Titular no se hace responsable de la informaci\u00f3n y contenidos almacenados en foros, redes sociales o cualesquier otro medio que permita a terceros publicar contenidos de forma independiente en la p\u00e1gina web del prestador. Sin embargo, teniendo en cuenta los art. 11 y 16 de la LSSI-CE, El Titular se compromete a la retirada o en su caso bloqueo de aquellos contenidos que pudieran afectar o contravenir la legislaci\u00f3n nacional o internacional, derechos de terceros o la moral y el orden p\u00fablico. Tampoco la empresa se responsabilizar\u00e1 de los da\u00f1os y perjuicios que se produzcan por fallos o malas configuraciones del software instalado en el ordenador del Usuario. Se excluye toda responsabilidad por alguna incidencia t\u00e9cnica o fallo que se produzca cuando el Usuario se conecte a internet. Igualmente no se garantiza la inexistencia de interrupciones o errores en el acceso al sitio web. El Usuario deber\u00e1 respetar en todo momento los t\u00e9rminos y condiciones establecidos en las presentes condiciones generales de uso del portal. De forma expresa el Usuario manifiesta que utilizar\u00e1 el portal de forma diligente y asumiendo cualquier responsabilidad que pudiera derivarse del incumplimiento de las normas. As\u00ed mismo, el usuario no podr\u00e1 utilizar el portal para transmitir, almacenar, divulgar promover o distribuir datos o contenidos que sean portadores de virus o cualquier otro c\u00f3digo inform\u00e1tico, archivos o programas dise\u00f1ados para interrumpir, destruir o perjudicar el funcionamiento de cualquier programa o equipo inform\u00e1tico o de telecomunicaciones.<\/p>\n<p>Protecci\u00f3n de Datos Personales:<\/p>\n<p>De conformidad con lo dispuesto en el REGLAMENTO (UE) 2016\/679 DEL PARLAMENTO EUROPEO Y DEL CONSEJO de 27 de abril de 2016 relativo a la protecci\u00f3n de las personas f\u00edsicas en lo que respecta al tratamiento de datos personales y a la libre circulaci\u00f3n de estos datos y por el que se deroga la Directiva 95\/46\/CE y en la Ley Org\u00e1nica 3\/2018, de 5 de diciembre, de Protecci\u00f3n de Datos Personales y garant\u00eda de los derechos digitales todos los datos de car\u00e1cter personal facilitados durante la utilizaci\u00f3n del sitio web ser\u00e1n tratados de conformidad con los dispuesto en nuestra Pol\u00edtica de Privacidad.<\/p>\n<p>Menores de Edad:<\/p>\n<p>En todo caso, queda prohibido el acceso y navegaci\u00f3n en el Sitio Web por parte de los menores de catorce (14) a\u00f1os de edad, salvo que cuenten con la autorizaci\u00f3n previa y expresa de sus padres, tutores o representantes legales, los cuales ser\u00e1n considerados como responsables de los actos que lleven a cabo los menores a su cargo, conforme a la normativa vigente. En todo caso, se presumir\u00e1 que el acceso realizado por un menor al Sitio Web se ha realizado con autorizaci\u00f3n previa y expresa de sus padres, tutores o representantes legales.<\/p>\n<p>Propiedad Intelectual e Industrial:<\/p>\n<p>En virtud de lo dispuesto en los art\u00edculos 8 y 32.1, p\u00e1rrafo segundo, de la Ley de Propiedad Intelectual, quedan expresamente prohibidas la reproducci\u00f3n, la distribuci\u00f3n y la comunicaci\u00f3n p\u00fablica, incluida su modalidad de puesta a disposici\u00f3n, de la totalidad o parte de los contenidos de esta p\u00e1gina web, con fines comerciales, en cualquier soporte y por cualquier medio t\u00e9cnico, sin la autorizaci\u00f3n del Titular. Todos los contenidos, marcas, logos, dibujos, documentaci\u00f3n, programas inform\u00e1ticos o cualquier otro elemento susceptible de protecci\u00f3n por la legislaci\u00f3n de propiedad intelectual o industrial, que sean accesibles en la web, corresponden exclusivamente al titular sin que puedan entenderse cedidos al Usuario ninguno de los derechos de explotaci\u00f3n reconocidos por la normativa vigente en materia de propiedad intelectual sobre los mismos.<\/p>\n<p>Ley Aplicable y Jurisdicci\u00f3n:<\/p>\n<p>Este Sitio Web se rige por la legislaci\u00f3n vigente en Espa\u00f1a. El Titular y el Usuario acuerdan someter cualquier controversia que pudiera suscitarse de la interpretaci\u00f3n y aplicaci\u00f3n del presente Aviso Legal a la jurisdicci\u00f3n de los Juzgados y Tribunales de Barcelona, con renuncia a su fuero propio si lo hubiere.<\/p>\n","protected":false},"excerpt":{"rendered":"<p>Aviso legal: En cumplimiento con el deber de informaci\u00f3n recogido en art\u00edculo 10 de la Ley 34\/2002, de 11 de julio, de Servicios de la Sociedad<span class=\"excerpt-hellip\"> [\u2026]<\/span><\/p>\n","protected":false},"author":1,"featured_media":-1,"parent":0,"menu_order":0,"comment_status":"open","ping_status":"closed","template":"","meta":{"footnotes":""},"class_list":["post-3","page","type-page","status-publish","has-post-thumbnail","hentry"],"yoast_head":"<!-- This site is optimized with the Yoast SEO plugin v25.3.1 - https:\/\/yoast.com\/wordpress\/plugins\/seo\/ -->\n<title>Aviso Legal - Madridella<\/title>\n<meta name=\"robots\" content=\"index, follow, max-snippet:-1, max-image-preview:large, max-video-preview:-1\" \/>\n<link rel=\"canonical\" href=\"https:\/\/madridella.net\/index.php\/aviso-legal\/\" \/>\n<meta property=\"og:locale\" content=\"es_ES\" \/>\n<meta property=\"og:type\" content=\"article\" \/>\n<meta property=\"og:title\" content=\"Aviso Legal - Madridella\" \/>\n<meta property=\"og:description\" content=\"Aviso legal: En cumplimiento con el deber de informaci\u00f3n recogido en art\u00edculo 10 de la Ley 34\/2002, de 11 de julio, de Servicios de la Sociedad [\u2026]\" \/>\n<meta property=\"og:url\" content=\"https:\/\/madridella.net\/index.php\/aviso-legal\/\" \/>\n<meta property=\"og:site_name\" content=\"Madridella\" \/>\n<meta property=\"article:modified_time\" content=\"2025-06-25T08:14:55+00:00\" \/>\n<meta name=\"twitter:card\" content=\"summary_large_image\" \/>\n<meta name=\"twitter:label1\" content=\"Tiempo de lectura\" \/>\n\t<meta name=\"twitter:data1\" content=\"4 minutos\" \/>\n<script type=\"application\/ld+json\" class=\"yoast-schema-graph\">{\"@context\":\"https:\/\/schema.org\",\"@graph\":[{\"@type\":\"WebPage\",\"@id\":\"https:\/\/madridella.net\/index.php\/aviso-legal\/\",\"url\":\"https:\/\/madridella.net\/index.php\/aviso-legal\/\",\"name\":\"Aviso Legal - Madridella\",\"isPartOf\":{\"@id\":\"https:\/\/madridella.net\/#website\"},\"datePublished\":\"2020-04-30T08:21:04+00:00\",\"dateModified\":\"2025-06-25T08:14:55+00:00\",\"breadcrumb\":{\"@id\":\"https:\/\/madridella.net\/index.php\/aviso-legal\/#breadcrumb\"},\"inLanguage\":\"es\",\"potentialAction\":[{\"@type\":\"ReadAction\",\"target\":[\"https:\/\/madridella.net\/index.php\/aviso-legal\/\"]}]},{\"@type\":\"BreadcrumbList\",\"@id\":\"https:\/\/madridella.net\/index.php\/aviso-legal\/#breadcrumb\",\"itemListElement\":[{\"@type\":\"ListItem\",\"position\":1,\"name\":\"Home\",\"item\":\"https:\/\/madridella.net\/\"},{\"@type\":\"ListItem\",\"position\":2,\"name\":\"Aviso Legal\"}]},{\"@type\":\"WebSite\",\"@id\":\"https:\/\/madridella.net\/#website\",\"url\":\"https:\/\/madridella.net\/\",\"name\":\"Madridella\",\"description\":\"\",\"potentialAction\":[{\"@type\":\"SearchAction\",\"target\":{\"@type\":\"EntryPoint\",\"urlTemplate\":\"https:\/\/madridella.net\/?s={search_term_string}\"},\"query-input\":{\"@type\":\"PropertyValueSpecification\",\"valueRequired\":true,\"valueName\":\"search_term_string\"}}],\"inLanguage\":\"es\"}]}<\/script>\n<!-- \/ Yoast SEO plugin. -->","yoast_head_json":{"title":"Aviso Legal - Madridella","robots":{"index":"index","follow":"follow","max-snippet":"max-snippet:-1","max-image-preview":"max-image-preview:large","max-video-preview":"max-video-preview:-1"},"canonical":"https:\/\/madridella.net\/index.php\/aviso-legal\/","og_locale":"es_ES","og_type":"article","og_title":"Aviso Legal - Madridella","og_description":"Aviso legal: En cumplimiento con el deber de informaci\u00f3n recogido en art\u00edculo 10 de la Ley 34\/2002, de 11 de julio, de Servicios de la Sociedad [\u2026]","og_url":"https:\/\/madridella.net\/index.php\/aviso-legal\/","og_site_name":"Madridella","article_modified_time":"2025-06-25T08:14:55+00:00","twitter_card":"summary_large_image","twitter_misc":{"Tiempo de lectura":"4 minutos"},"schema":{"@context":"https:\/\/schema.org","@graph":[{"@type":"WebPage","@id":"https:\/\/madridella.net\/index.php\/aviso-legal\/","url":"https:\/\/madridella.net\/index.php\/aviso-legal\/","name":"Aviso Legal - Madridella","isPartOf":{"@id":"https:\/\/madridella.net\/#website"},"datePublished":"2020-04-30T08:21:04+00:00","dateModified":"2025-06-25T08:14:55+00:00","breadcrumb":{"@id":"https:\/\/madridella.net\/index.php\/aviso-legal\/#breadcrumb"},"inLanguage":"es","potentialAction":[{"@type":"ReadAction","target":["https:\/\/madridella.net\/index.php\/aviso-legal\/"]}]},{"@type":"BreadcrumbList","@id":"https:\/\/madridella.net\/index.php\/aviso-legal\/#breadcrumb","itemListElement":[{"@type":"ListItem","position":1,"name":"Home","item":"https:\/\/madridella.net\/"},{"@type":"ListItem","position":2,"name":"Aviso Legal"}]},{"@type":"WebSite","@id":"https:\/\/madridella.net\/#website","url":"https:\/\/madridella.net\/","name":"Madridella","description":"","potentialAction":[{"@type":"SearchAction","target":{"@type":"EntryPoint","urlTemplate":"https:\/\/madridella.net\/?s={search_term_string}"},"query-input":{"@type":"PropertyValueSpecification","valueRequired":true,"valueName":"search_term_string"}}],"inLanguage":"es"}]}},"_links":{"self":[{"href":"https:\/\/madridella.net\/index.php\/wp-json\/wp\/v2\/pages\/3","targetHints":{"allow":["GET"]}}],"collection":[{"href":"https:\/\/madridella.net\/index.php\/wp-json\/wp\/v2\/pages"}],"about":[{"href":"https:\/\/madridella.net\/index.php\/wp-json\/wp\/v2\/types\/page"}],"author":[{"embeddable":true,"href":"https:\/\/madridella.net\/index.php\/wp-json\/wp\/v2\/users\/1"}],"replies":[{"embeddable":true,"href":"https:\/\/madridella.net\/index.php\/wp-json\/wp\/v2\/comments?post=3"}],"version-history":[{"count":3,"href":"https:\/\/madridella.net\/index.php\/wp-json\/wp\/v2\/pages\/3\/revisions"}],"predecessor-version":[{"id":463,"href":"https:\/\/madridella.net\/index.php\/wp-json\/wp\/v2\/pages\/3\/revisions\/463"}],"wp:featuredmedia":[{"embeddable":true,"href":"https:\/\/madridella.net\/index.php\/wp-json\/"}],"wp:attachment":[{"href":"https:\/\/madridella.net\/index.php\/wp-json\/wp\/v2\/media?parent=3"}],"curies":[{"name":"wp","href":"https:\/\/api.w.org\/{rel}","templated":true}]}}